{"id":4107,"date":"2021-06-14T21:25:56","date_gmt":"2021-06-14T21:25:56","guid":{"rendered":"https:\/\/an.site.104-131-161-168.plesk.page\/?post_type=product&#038;p=4107"},"modified":"2023-11-13T14:59:36","modified_gmt":"2023-11-13T14:59:36","slug":"la-ruta-de-la-seda-dr-jorge-tuero","status":"publish","type":"product","link":"https:\/\/ong.acercandonaciones.com\/index.php\/producto\/la-ruta-de-la-seda-dr-jorge-tuero\/","title":{"rendered":"La Ruta de la Seda &#8211; Dr. Jorge Tuero"},"content":{"rendered":"<p><strong>Dr. Jorge Eugenio Tuero<\/strong><br \/>\nEs Licenciado en Ciencias Pol\u00edticas,<br \/>\nPhD en Economia,<br \/>\nEspecialista en el Arte de la Negociaci\u00f3n Transcultural.<br \/>\nExperto en desarrollo Organizacional, Consultor internacional en Negocios con y en Asia y Medio Oriente.<br \/>\nActualmente Director del \u00c1rea Consultor\u00eda de Acercando Naciones ONG.<\/p>\n<p>El autor del libro, el Dr. Jorge Tuero cuenta con una vasta experiencia con m\u00e1s de 30 a\u00f1os de \u00e9xitos y fracasos (propios y ajenos) que servir\u00e1n de gu\u00eda a los lectores, en el camino de la preparaci\u00f3n para la negociaci\u00f3n transcultural.<br \/>\nVer todo su perfil en <a href=\"https:\/\/www.linkedin.com\/in\/jorgeetuero\/\">https:\/\/www.linkedin.com\/in\/jorgeetuero\/<\/a><\/p>\n","protected":false},"excerpt":{"rendered":"<p>Dr. Jorge Eugenio Tuero Es Licenciado en Ciencias Pol\u00edticas, PhD en Economia, Especialista en el Arte de la Negociaci\u00f3n Transcultural. Experto en desarrollo Organizacional, Consultor internacional en Negocios con y en Asia y Medio Oriente. Actualmente Director del \u00c1rea Consultor\u00eda de Acercando Naciones ONG. El autor del libro, el Dr. Jorge Tuero cuenta con una [&hellip;]<\/p>\n","protected":false},"featured_media":4109,"template":"","meta":[],"product_brand":[],"product_cat":[40],"product_tag":[41,42,43,44,45,46,47,48],"class_list":{"0":"post-4107","1":"product","2":"type-product","3":"status-publish","4":"has-post-thumbnail","6":"product_cat-libro","7":"product_tag-asia","8":"product_tag-business","9":"product_tag-china","10":"product_tag-cultura","11":"product_tag-embajada","12":"product_tag-internacional","13":"product_tag-negocios","14":"product_tag-transcultural","16":"first","17":"instock","18":"downloadable","19":"shipping-taxable","20":"purchasable","21":"product-type-simple"},"brizy_media":[],"_links":{"self":[{"href":"https:\/\/ong.acercandonaciones.com\/index.php\/wp-json\/wp\/v2\/product\/4107","targetHints":{"allow":["GET"]}}],"collection":[{"href":"https:\/\/ong.acercandonaciones.com\/index.php\/wp-json\/wp\/v2\/product"}],"about":[{"href":"https:\/\/ong.acercandonaciones.com\/index.php\/wp-json\/wp\/v2\/types\/product"}],"wp:featuredmedia":[{"embeddable":true,"href":"https:\/\/ong.acercandonaciones.com\/index.php\/wp-json\/wp\/v2\/media\/4109"}],"wp:attachment":[{"href":"https:\/\/ong.acercandonaciones.com\/index.php\/wp-json\/wp\/v2\/media?parent=4107"}],"wp:term":[{"taxonomy":"product_brand","embeddable":true,"href":"https:\/\/ong.acercandonaciones.com\/index.php\/wp-json\/wp\/v2\/product_brand?post=4107"},{"taxonomy":"product_cat","embeddable":true,"href":"https:\/\/ong.acercandonaciones.com\/index.php\/wp-json\/wp\/v2\/product_cat?post=4107"},{"taxonomy":"product_tag","embeddable":true,"href":"https:\/\/ong.acercandonaciones.com\/index.php\/wp-json\/wp\/v2\/product_tag?post=4107"}],"curies":[{"name":"wp","href":"https:\/\/api.w.org\/{rel}","templated":true}]}}